{"id":872,"date":"2014-08-13T20:28:59","date_gmt":"2014-08-13T18:28:59","guid":{"rendered":"http:\/\/blog.minionontour.de\/?page_id=872"},"modified":"2014-08-13T21:03:35","modified_gmt":"2014-08-13T19:03:35","slug":"minions","status":"publish","type":"page","link":"https:\/\/minionontour.de\/?page_id=872","title":{"rendered":"Minions?"},"content":{"rendered":"<p>Wer oder was sind denn Minions?<\/p>\n<p>Wir haben sie mit den Filmen &#8222;ICH &#8211; einfach unverbesserlich (1 und 2)&#8220; kennengelernt.<br \/>\nMinions sind eine wilde Horde kleiner gelber Helferlein, mit ein oder zwei Augen. Sie sind impulsiv mit &#8211; sagen wir mal &#8211; sehr wenig Selbstkontrolle. Sie tragen ihren gelben K\u00f6rper eingepackt in blauer Latzhose und dazu eine Schutzbrille. Sie sind loyal, wollen anderen gefallen und sind immer bereit zum Helfen. Auch Lebenslust und Freundlichkeit geh\u00f6ren zu ihren St\u00e4rken. Bei der Sprache, wenn man dieses so nennen mag, ist eher wenig zu verstehen. Die einfachsten Worte sind neben &#8222;Banana&#8220; (f\u00fcr Banane), &#8222;Gelato&#8220; (f\u00fcr Eis) noch &#8222;Popo&#8220; (\u00fcber welches sie dann kollektiv Lachen, auch bei popul\u00e4r oder apropos). Alle anderen Worte stammen aus verschiedenen Sprachen und werden oftmals mit weiteren Buchstaben von den Minions erg\u00e4nzt, hier w\u00e4re &#8222;Bapple&#8220; zu nennen, also f\u00fcr Apple\/Apfel.<\/p>\n<p>Hier gibt es Tipps, was man beim Umgang mit den Minions besonders beachten sollte, da sie bei falscher Handhabung eine Menge Chaos verursachen k\u00f6nnen: <\/p>\n<p>&#8211; Minions kommunizieren in einer Sprache, die au\u00dfer ihnen niemand wirklich versteht. Allerdings kann man sich beim richtigen Zuh\u00f6ren ab und zu Gespr\u00e4chsfetzen so zusammensetzen, dass man sie &#8222;versteht&#8220;.<\/p>\n<p>&#8211; Alle Minions lieben Bananen! Sie tun alles daf\u00fcr, um diese zu bekommen. Wenn nicht ausreichend Bananen vorhanden sind, gibt es schon mal ein kr\u00e4ftiges Gerangel. Daher am besten keine Bananen zeigen oder eben genug dabei haben. <\/p>\n<p>&#8211; Minions arbeiten gerne im Team, doch wegen ihrem extremen Konkurrenzdenken sollten Lob und Tadel sollten jedem Minion nur im Einzelgespr\u00e4ch \u00fcbermittelt werden. <\/p>\n<p>&#8211; Am liebsten spielen sie mit Bomben und Raketenwerfern und da sie nicht wirklich guten Gleichgewichtssinn haben, stolpern sie auch gerne mal &#8211; mit entsprechenden Folgen.<\/p>\n<p>&#8211; Die Aufmerksamkeitsspanne der Minions betr\u00e4gt nur wenige Sekunden \u2013 ab und zu. Erkl\u00e4rungen sollten sehr kurz gefasst werden, denn man kann sich nie sicher sein, ob sie auch zugeh\u00f6rt haben &#8211; trotzdem sie interessiert gucken.<\/p>\n<p>&#8211; Minions besitzen eine gewisse Leuchtkraft, wodurch sie beispielsweise als Ersatz-Gl\u00fchbirne verwendet werden k\u00f6nnen. Im Notfall k\u00f6nnen sogar ganz von allein leuchten \u2013 einfach knicken und sch\u00fctteln! <\/p>\n<p>&#8211; Minions sind gleicherma\u00dfen neugierig wie unberechenbar. Dank dieser Kombination sind sie in jeder Situation f\u00fcr eine (b\u00f6se) \u00dcberraschung gut. <\/p>\n<p>&#8211; Professionell k\u00f6nnen sie auch sein. Immer dann, wenn sie oder Menschen bedroht werden, auf die sie aufpassen.<\/p>\n<p>&#8211; Sie haben eine gro\u00dfe Vorliebe f\u00fcr Spontan-Humor und Schadenfreude, der bzw. die insbesondere untereinander gern ausgelebt wird.  <\/p>\n<p>&#8211; Minions sind extrem anf\u00e4llig f\u00fcr Lach-Orgien. Das Wort \u201ePopo\u201c l\u00f6st diesen auf jeden Fall aus. Auch \u00e4hnlich klingende Variationen wie \u201epopul\u00e4r\u201c oder \u201eapropos\u201c k\u00f6nnten unter Umst\u00e4nden einen Lachkrampf ausl\u00f6sen.<\/p>\n<p>&#8211; Grunds\u00e4tzlich tragen die Kleinen eine Latzhose in blau und eine Schutzbrille. F\u00fcr Eins\u00e4tze in der weiten Welt gibt es auch alternative Outfits. <\/p>\n<p>&#8211; Neben Bananen lieben sie auch die Streitigkeiten und sind absolut Konfliktunf\u00e4hig. <\/p>\n<p>&#8211; Man kann sie dennoch einfach nur knuddeln. Ihre au\u00dfergew\u00f6hnlichen Eigenschaften sind einfach sehr liebenswert.<\/p>\n<p><a href=\"http:\/\/www.trailerseite.de\/film\/13\/news\/minions-guide-27182.html\" title=\"Diese Liste basiert auf Angaben von www.trailerseite.de\" target=\"_blank\">Diese Liste basiert auf Angaben von www.trailerseite.de<\/a><\/p>\n","protected":false},"excerpt":{"rendered":"<p>Wer oder was sind denn Minions? Wir haben sie mit den Filmen &#8222;ICH &#8211; einfach unverbesserlich (1 und 2)&#8220; kennengelernt. &hellip;<\/p>\n","protected":false},"author":1,"featured_media":0,"parent":0,"menu_order":10,"comment_status":"closed","ping_status":"closed","template":"","meta":{"spay_email":""},"jetpack_shortlink":"https:\/\/wp.me\/P4yRS3-e4","jetpack_likes_enabled":true,"_links":{"self":[{"href":"https:\/\/minionontour.de\/index.php?rest_route=\/wp\/v2\/pages\/872"}],"collection":[{"href":"https:\/\/minionontour.de\/index.php?rest_route=\/wp\/v2\/pages"}],"about":[{"href":"https:\/\/minionontour.de\/index.php?rest_route=\/wp\/v2\/types\/page"}],"author":[{"embeddable":true,"href":"https:\/\/minionontour.de\/index.php?rest_route=\/wp\/v2\/users\/1"}],"replies":[{"embeddable":true,"href":"https:\/\/minionontour.de\/index.php?rest_route=%2Fwp%2Fv2%2Fcomments&post=872"}],"version-history":[{"count":3,"href":"https:\/\/minionontour.de\/index.php?rest_route=\/wp\/v2\/pages\/872\/revisions"}],"predecessor-version":[{"id":882,"href":"https:\/\/minionontour.de\/index.php?rest_route=\/wp\/v2\/pages\/872\/revisions\/882"}],"wp:attachment":[{"href":"https:\/\/minionontour.de\/index.php?rest_route=%2Fwp%2Fv2%2Fmedia&parent=872"}],"curies":[{"name":"wp","href":"https:\/\/api.w.org\/{rel}","templated":true}]}}