{"id":876,"date":"2014-08-13T20:36:07","date_gmt":"2014-08-13T18:36:07","guid":{"rendered":"http:\/\/blog.minionontour.de\/?page_id=876"},"modified":"2015-07-08T16:26:20","modified_gmt":"2015-07-08T15:26:20","slug":"dave-bei-uns-mini","status":"publish","type":"page","link":"https:\/\/minionontour.de\/?page_id=876","title":{"rendered":"Bob -> bei uns MINI"},"content":{"rendered":"<p>Bob ist ein zwei\u00e4ugiger Minion mit gek\u00e4mmtem Haar.<br \/>\nEr ist intelligent, freundlich, f\u00fcrsorglich und lustig. Allerdings gibt es auch eine eher negative Eigenschaft: sehr unfalltr\u00e4chtig.<br \/>\nSeine Lieblingsbesch\u00e4ftigung sind wie auch bei Stuart die Videospiele, am liebsten auf der Playstation und gegen Stuart. Zudem liebt er Eis und kann sehr gut kleine Kuchen backen sowie andere Lebensmittel zubereiten.<\/p>\n","protected":false},"excerpt":{"rendered":"<p>Bob ist ein zwei\u00e4ugiger Minion mit gek\u00e4mmtem Haar. Er ist intelligent, freundlich, f\u00fcrsorglich und lustig. Allerdings gibt es auch eine &hellip;<\/p>\n","protected":false},"author":1,"featured_media":0,"parent":872,"menu_order":1,"comment_status":"closed","ping_status":"closed","template":"","meta":{"spay_email":""},"jetpack_shortlink":"https:\/\/wp.me\/P4yRS3-e8","jetpack_likes_enabled":true,"_links":{"self":[{"href":"https:\/\/minionontour.de\/index.php?rest_route=\/wp\/v2\/pages\/876"}],"collection":[{"href":"https:\/\/minionontour.de\/index.php?rest_route=\/wp\/v2\/pages"}],"about":[{"href":"https:\/\/minionontour.de\/index.php?rest_route=\/wp\/v2\/types\/page"}],"author":[{"embeddable":true,"href":"https:\/\/minionontour.de\/index.php?rest_route=\/wp\/v2\/users\/1"}],"replies":[{"embeddable":true,"href":"https:\/\/minionontour.de\/index.php?rest_route=%2Fwp%2Fv2%2Fcomments&post=876"}],"version-history":[{"count":2,"href":"https:\/\/minionontour.de\/index.php?rest_route=\/wp\/v2\/pages\/876\/revisions"}],"predecessor-version":[{"id":2041,"href":"https:\/\/minionontour.de\/index.php?rest_route=\/wp\/v2\/pages\/876\/revisions\/2041"}],"up":[{"embeddable":true,"href":"https:\/\/minionontour.de\/index.php?rest_route=\/wp\/v2\/pages\/872"}],"wp:attachment":[{"href":"https:\/\/minionontour.de\/index.php?rest_route=%2Fwp%2Fv2%2Fmedia&parent=876"}],"curies":[{"name":"wp","href":"https:\/\/api.w.org\/{rel}","templated":true}]}}