{"id":99,"date":"2014-04-05T18:02:09","date_gmt":"2014-04-05T16:02:09","guid":{"rendered":"http:\/\/minionontour.wordpress.com\/?page_id=99"},"modified":"2017-10-14T12:03:34","modified_gmt":"2017-10-14T11:03:34","slug":"upple","status":"publish","type":"page","link":"https:\/\/minionontour.de\/?page_id=99","title":{"rendered":"Upple"},"content":{"rendered":"<p>Wer ist denn Upple?<\/p>\n<p>Upple\u00a0ist auch ein &#8222;Miterfinder&#8220;, zwar hatte er nicht die Idee zum Blog, aber er hat die 2 Minions im Saturn gefunden&#8230;<\/p>\n<p>Das schreibt er \u00fcber sich:<br \/>\nIch machte eine Ausbildung zur\u00a0Fachkraft im Fahrbetrieb bei den Stadtwerken M\u00fcnchen, M\u00fcnchner Verkehrsgesellschaft.<br \/>\nNachdem ich fertig war, fuhr ich Stra\u00dfenbahnen Kreuz und quer durch M\u00fcnchen und habe\u00a0mir gedacht ich nehme den kleinen gelben Mann als Gl\u00fccksbringer und Wegbegleiter weiterhin mit. Mittlerweile fahre ich auch noch Busse und bin hin und wieder im Fahrplanb\u00fcro t\u00e4tig.<\/p>\n<p>Ich bin ein sehr\u00a0lebensfroher Mensch und habe\u00a0viel Spa\u00df an meinem Beruf und Freude an der T\u00e4tigkeit. Ich habe \u00fcberlegt dass ich diesen Spa\u00df\u00a0an die Fahrg\u00e4ste \u00fcbertragen k\u00f6nnte und dies\u00a0mache ich mit meinem Minion. \u00a0Er wurde so ebenfalls zu meinem &#8222;Haustier&#8220;.<\/p>\n","protected":false},"excerpt":{"rendered":"<p>Wer ist denn Upple? Upple\u00a0ist auch ein &#8222;Miterfinder&#8220;, zwar hatte er nicht die Idee zum Blog, aber er hat die &hellip;<\/p>\n","protected":false},"author":1,"featured_media":0,"parent":31,"menu_order":20,"comment_status":"closed","ping_status":"closed","template":"","meta":{"spay_email":""},"jetpack_shortlink":"https:\/\/wp.me\/P4yRS3-1B","jetpack_likes_enabled":true,"_links":{"self":[{"href":"https:\/\/minionontour.de\/index.php?rest_route=\/wp\/v2\/pages\/99"}],"collection":[{"href":"https:\/\/minionontour.de\/index.php?rest_route=\/wp\/v2\/pages"}],"about":[{"href":"https:\/\/minionontour.de\/index.php?rest_route=\/wp\/v2\/types\/page"}],"author":[{"embeddable":true,"href":"https:\/\/minionontour.de\/index.php?rest_route=\/wp\/v2\/users\/1"}],"replies":[{"embeddable":true,"href":"https:\/\/minionontour.de\/index.php?rest_route=%2Fwp%2Fv2%2Fcomments&post=99"}],"version-history":[{"count":3,"href":"https:\/\/minionontour.de\/index.php?rest_route=\/wp\/v2\/pages\/99\/revisions"}],"predecessor-version":[{"id":3369,"href":"https:\/\/minionontour.de\/index.php?rest_route=\/wp\/v2\/pages\/99\/revisions\/3369"}],"up":[{"embeddable":true,"href":"https:\/\/minionontour.de\/index.php?rest_route=\/wp\/v2\/pages\/31"}],"wp:attachment":[{"href":"https:\/\/minionontour.de\/index.php?rest_route=%2Fwp%2Fv2%2Fmedia&parent=99"}],"curies":[{"name":"wp","href":"https:\/\/api.w.org\/{rel}","templated":true}]}}